{"id":2229,"date":"2021-11-22T20:48:44","date_gmt":"2021-11-22T20:48:44","guid":{"rendered":"http:\/\/dominobyte.com\/?page_id=2229"},"modified":"2022-12-05T17:41:34","modified_gmt":"2022-12-05T15:41:34","slug":"suport-it","status":"publish","type":"page","link":"https:\/\/dominobyte.com\/en\/suport-it\/","title":{"rendered":"IT support"},"content":{"rendered":"<div data-vc-full-width=\"true\" data-vc-full-width-init=\"false\" class=\"tm-row wpb_row vc_row-fluid vc_custom_1575267324896 tm-responsive-custom-90801681 tm-zindex-0 tm-bgimage-position-center_center\">\n\n\t\t\n\t <div class=\"vc_row container\"> \t\n\t\t\n\n<div class=\"wpb_column tm-column vc_column_container vc_col-sm-12 tm-zindex-0\">\n\t<div class=\"vc_column-inner\">\n\t\t\t\t<div class=\"wpb_wrapper\">\n\t\t\t<div class=\"tm-element-heading-wrapper tm-heading-inner tm-element-align-center tm-seperator-solid tm-heading-style-vertical\"><section class=\"tm-vc_cta3-container\"><div class=\"tm-vc_general tm-vc_cta3 tm-cta3-only tm-vc_cta3-style-classic tm-vc_cta3-shape-rounded tm-vc_cta3-align-center tm-vc_cta3-color-transparent tm-vc_cta3-icon-size-md tm-vc_cta3-actions-no tm-cta3-without-desc\"><div class=\"tm-vc_cta3_content-container\"><div class=\"tm-vc_cta3-content\"><header class=\"tm-vc_cta3-content-header tm-wrap\"><div class=\"tm-vc_cta3-headers tm-wrap-cell\"><h4 class=\"tm-custom-heading\" >IT support<\/h4>\n<h2 class=\"tm-custom-heading\" >Providing IT support and high performance services<\/h2>\n<\/div><\/header><\/div><\/div><\/div><\/section><\/div> <!-- .tm-element-heading-wrapper container --> \n<div class=\"tm-row-inner vc_row wpb_row vc_inner vc_row-fluid tm-zindex-0\">\n\t\n<div class=\"wpb_column tm-column-inner vc_column_container vc_col-sm-12 tm-zindex-0\">\n\t<div class=\"vc_column-inner\">\n\t\t \n\t\t<div class=\"wpb_wrapper\">\n\t\t\t<div class=\"themetechmount-boxes themetechmount-boxes-service themetechmount-boxes-view-default themetechmount-boxes-col-three themetechmount-boxes-sortable-no themetechmount-boxes-textalign-center tm-cta3-rev-heading\">\n\t\t<div class=\"themetechmount-boxes-inner themetechmount-boxes-service-inner\">\n\t\t\t\n\t\t\t<div class=\"row multi-columns-row themetechmount-boxes-row-wrapper\">\n\t\t\t\t<div class=\"tm-box-col-wrapper col-lg-4 col-sm-6 col-md-4 col-xs-12\"><article class=\"themetechmount-box themetechmount-box-service themetechmount-box-view-style-one themetechmount-service-box-view-style-one\">\r\n\t<div class=\"themetechmount-post-item\">\t\r\n\t\t<div class=\"themetechmount-post-item-inner\">\r\n\t\t\t<div class=\"tm-featured-wrapper tm-tm_service-featured-wrapper\"><a href=\"https:\/\/dominobyte.com\/en\/service\/help-desk\/\"><img loading=\"lazy\" decoding=\"async\" width=\"654\" height=\"490\" src=\"https:\/\/dominobyte.com\/wp-content\/uploads\/2021\/11\/help-desk-654x490.jpg\" class=\"attachment-themetechmount-img-blog-top size-themetechmount-img-blog-top wp-post-image\" alt=\"Servicii IT, help desk si suport IT cu disponibilitate 24\/7\" data-id=\"2281\" \/><\/a><\/div>\t\t<\/div>\r\n\t\t\r\n\t\t<div class=\"themetechmount-box-bottom-content\">\t\r\n\t\t\t<div class=\"themetechmount-box-title\"><h4><a href=\"https:\/\/dominobyte.com\/en\/service\/help-desk\/\">Help Desk<\/a><\/h4><\/div>\t\t\t<div class=\"themetechmount-box-desc\">\r\n\t\t\t\t\t\t\t\t<div class=\"tm-short-desc\">\r\n\t\t\t\t\tPermanent Help Desk regardless of your technological needs, through the IT support service available 24\/7\t\t\t\t<\/div>\r\n\t\t\t\t\t\t<\/div> \r\n\t\t\t<div class=\"themetechmount-serviceboxbox-readmore\">\r\n\t\t\t\t<a href=\"https:\/\/dominobyte.com\/en\/service\/help-desk\/\">Read More<\/a>\t\t\t<\/div>\r\n\t\t<\/div>\r\n\t<\/div>\r\n<\/article><\/div><div class=\"tm-box-col-wrapper col-lg-4 col-sm-6 col-md-4 col-xs-12\"><article class=\"themetechmount-box themetechmount-box-service themetechmount-box-view-style-one themetechmount-service-box-view-style-one\">\r\n\t<div class=\"themetechmount-post-item\">\t\r\n\t\t<div class=\"themetechmount-post-item-inner\">\r\n\t\t\t<div class=\"tm-featured-wrapper tm-tm_service-featured-wrapper\"><a href=\"https:\/\/dominobyte.com\/en\/service\/interventii-it-onsite\/\"><img loading=\"lazy\" decoding=\"async\" width=\"654\" height=\"490\" src=\"https:\/\/dominobyte.com\/wp-content\/uploads\/2021\/11\/interventii-onsite-654x490.jpg\" class=\"attachment-themetechmount-img-blog-top size-themetechmount-img-blog-top wp-post-image\" alt=\"Treptio IT services \u0219i interven\u021bii IT onsite, L1 support\" data-id=\"2282\" \/><\/a><\/div>\t\t<\/div>\r\n\t\t\r\n\t\t<div class=\"themetechmount-box-bottom-content\">\t\r\n\t\t\t<div class=\"themetechmount-box-title\"><h4><a href=\"https:\/\/dominobyte.com\/en\/service\/interventii-it-onsite\/\">Onsite IT interventions<\/a><\/h4><\/div>\t\t\t<div class=\"themetechmount-box-desc\">\r\n\t\t\t\t\t\t\t\t<div class=\"tm-short-desc\">\r\n\t\t\t\t\tDOMINObyte also offers its users onsite IT interventions, meaning our team of specialists is moving fast...\t\t\t\t<\/div>\r\n\t\t\t\t\t\t<\/div> \r\n\t\t\t<div class=\"themetechmount-serviceboxbox-readmore\">\r\n\t\t\t\t<a href=\"https:\/\/dominobyte.com\/en\/service\/interventii-it-onsite\/\">Read More<\/a>\t\t\t<\/div>\r\n\t\t<\/div>\r\n\t<\/div>\r\n<\/article><\/div><div class=\"tm-box-col-wrapper col-lg-4 col-sm-6 col-md-4 col-xs-12\"><article class=\"themetechmount-box themetechmount-box-service themetechmount-box-view-style-one themetechmount-service-box-view-style-one\">\r\n\t<div class=\"themetechmount-post-item\">\t\r\n\t\t<div class=\"themetechmount-post-item-inner\">\r\n\t\t\t<div class=\"tm-featured-wrapper tm-tm_service-featured-wrapper\"><a href=\"https:\/\/dominobyte.com\/en\/service\/suport-it-remote\/\"><img loading=\"lazy\" decoding=\"async\" width=\"654\" height=\"490\" src=\"https:\/\/dominobyte.com\/wp-content\/uploads\/2021\/11\/suport-it-remote-654x490.jpg\" class=\"attachment-themetechmount-img-blog-top size-themetechmount-img-blog-top wp-post-image\" alt=\"suport IT remote, servicii software de la distanta\" data-id=\"2283\" \/><\/a><\/div>\t\t<\/div>\r\n\t\t\r\n\t\t<div class=\"themetechmount-box-bottom-content\">\t\r\n\t\t\t<div class=\"themetechmount-box-title\"><h4><a href=\"https:\/\/dominobyte.com\/en\/service\/suport-it-remote\/\">Remote IT Support<\/a><\/h4><\/div>\t\t\t<div class=\"themetechmount-box-desc\">\r\n\t\t\t\t\t\t\t\t<div class=\"tm-short-desc\">\r\n\t\t\t\t\tWith this service provided by DOMINObyte, you benefit from IT remote support 24\/7...\t\t\t\t<\/div>\r\n\t\t\t\t\t\t<\/div> \r\n\t\t\t<div class=\"themetechmount-serviceboxbox-readmore\">\r\n\t\t\t\t<a href=\"https:\/\/dominobyte.com\/en\/service\/suport-it-remote\/\">Read More<\/a>\t\t\t<\/div>\r\n\t\t<\/div>\r\n\t<\/div>\r\n<\/article><\/div><div class=\"tm-box-col-wrapper col-lg-4 col-sm-6 col-md-4 col-xs-12\"><article class=\"themetechmount-box themetechmount-box-service themetechmount-box-view-style-one themetechmount-service-box-view-style-one\">\r\n\t<div class=\"themetechmount-post-item\">\t\r\n\t\t<div class=\"themetechmount-post-item-inner\">\r\n\t\t\t<div class=\"tm-featured-wrapper tm-tm_service-featured-wrapper\"><a href=\"https:\/\/dominobyte.com\/en\/service\/it-single-point-of-contact\/\"><img loading=\"lazy\" decoding=\"async\" width=\"654\" height=\"490\" src=\"https:\/\/dominobyte.com\/wp-content\/uploads\/2021\/11\/backupv2-654x490.jpg\" class=\"attachment-themetechmount-img-blog-top size-themetechmount-img-blog-top wp-post-image\" alt=\"Treptio IT services, servicii software, suport IT si servicii IT single point, testare preventiv\u0103 \u0219i monitorizare, VPN, consultan\u021b\u0103 IT, audit IT, data center, vulnerability remediation\" data-id=\"2159\" \/><\/a><\/div>\t\t<\/div>\r\n\t\t\r\n\t\t<div class=\"themetechmount-box-bottom-content\">\t\r\n\t\t\t<div class=\"themetechmount-box-title\"><h4><a href=\"https:\/\/dominobyte.com\/en\/service\/it-single-point-of-contact\/\">IT Single Point of Contact<\/a><\/h4><\/div>\t\t\t<div class=\"themetechmount-box-desc\">\r\n\t\t\t\t\t\t\t\t<div class=\"tm-short-desc\">\r\n\t\t\t\t\tAnother service that DOMINObyte offers to the customers is IT Single Point of Contact...\t\t\t\t<\/div>\r\n\t\t\t\t\t\t<\/div> \r\n\t\t\t<div class=\"themetechmount-serviceboxbox-readmore\">\r\n\t\t\t\t<a href=\"https:\/\/dominobyte.com\/en\/service\/it-single-point-of-contact\/\">Read More<\/a>\t\t\t<\/div>\r\n\t\t<\/div>\r\n\t<\/div>\r\n<\/article><\/div>\n\t\t\t<\/div>\n\t\t<\/div><!-- .themetechmount-boxes-inner -->   <\/div><!-- .themetechmount-boxes -->  \t\t<\/div>\n\t<\/div>\n<\/div>\n\n<\/div>\n\n\t\t<\/div>\n\t<\/div>\n<\/div>\n\n\n\n\t\t\n\t <\/div> <\/div>\n\n\n<div class=\"vc_row-full-width vc_clearfix\"><\/div>","protected":false},"excerpt":{"rendered":"IT Single Point of Contact Un alt serviciu pe care \u00eel oferim clien\u021bilor DOMINObyte este IT Single Point of Contact. Venim \u00een \u00eent\u00e2mpinarea voastr\u0103 cu un astfel de beneficiu prin care v\u0103 punem la dispozi\u021bie un specialist DOMINObyte care s\u0103 reprezinte puntea de leg\u0103tur\u0103 pentru orice solicitare sau \u00eentrebare avut\u0103. Astfel clientul \u0219tie \u00een orice &hellip; <a href=\"https:\/\/dominobyte.com\/en\/service\/it-single-point-of-contact\/\" class=\"more-link\">Continue reading <span class=\"screen-reader-text\">IT Single Point of Contact<\/span><\/a>","protected":false},"author":1,"featured_media":0,"parent":0,"menu_order":8,"comment_status":"closed","ping_status":"closed","template":"","meta":{"_joinchat":[],"footnotes":""},"class_list":["post-2229","page","type-page","status-publish","hentry"],"yoast_head":"<!-- This site is optimized with the Yoast SEO plugin v27.4 - https:\/\/yoast.com\/product\/yoast-seo-wordpress\/ -->\n<title>Suport IT - DOMINObyte<\/title>\n<meta name=\"description\" content=\"DOMINObyte ofer\u0103 utilizatorilor s\u0103i suport IT \u0219i interven\u021bii onsite, adic\u0103 speciali\u0219tii no\u0219tri se deplaseaz\u0103 rapid la sediul companiei voastre\" \/>\n<meta name=\"robots\" content=\"index, follow, max-snippet:-1, max-image-preview:large, max-video-preview:-1\" \/>\n<link rel=\"canonical\" href=\"https:\/\/dominobyte.com\/en\/suport-it\/\" \/>\n<meta property=\"og:locale\" content=\"en_US\" \/>\n<meta property=\"og:type\" content=\"article\" \/>\n<meta property=\"og:title\" content=\"Suport IT - DOMINObyte\" \/>\n<meta property=\"og:description\" content=\"DOMINObyte ofer\u0103 utilizatorilor s\u0103i suport IT \u0219i interven\u021bii onsite, adic\u0103 speciali\u0219tii no\u0219tri se deplaseaz\u0103 rapid la sediul companiei voastre\" \/>\n<meta property=\"og:url\" content=\"https:\/\/dominobyte.com\/en\/suport-it\/\" \/>\n<meta property=\"og:site_name\" content=\"DOMINObyte\" \/>\n<meta property=\"article:publisher\" content=\"https:\/\/www.facebook.com\/dominobyte\" \/>\n<meta property=\"article:modified_time\" content=\"2022-12-05T15:41:34+00:00\" \/>\n<meta name=\"twitter:card\" content=\"summary_large_image\" \/>\n<meta name=\"twitter:label1\" content=\"Est. reading time\" \/>\n\t<meta name=\"twitter:data1\" content=\"1 minute\" \/>\n<script type=\"application\/ld+json\" class=\"yoast-schema-graph\">{\"@context\":\"https:\\\/\\\/schema.org\",\"@graph\":[{\"@type\":\"WebPage\",\"@id\":\"https:\\\/\\\/dominobyte.com\\\/suport-it\\\/\",\"url\":\"https:\\\/\\\/dominobyte.com\\\/suport-it\\\/\",\"name\":\"Suport IT - DOMINObyte\",\"isPartOf\":{\"@id\":\"https:\\\/\\\/dominobyte.com\\\/#website\"},\"datePublished\":\"2021-11-22T20:48:44+00:00\",\"dateModified\":\"2022-12-05T15:41:34+00:00\",\"description\":\"DOMINObyte ofer\u0103 utilizatorilor s\u0103i suport IT \u0219i interven\u021bii onsite, adic\u0103 speciali\u0219tii no\u0219tri se deplaseaz\u0103 rapid la sediul companiei voastre\",\"breadcrumb\":{\"@id\":\"https:\\\/\\\/dominobyte.com\\\/suport-it\\\/#breadcrumb\"},\"inLanguage\":\"en-US\",\"potentialAction\":[{\"@type\":\"ReadAction\",\"target\":[\"https:\\\/\\\/dominobyte.com\\\/suport-it\\\/\"]}]},{\"@type\":\"BreadcrumbList\",\"@id\":\"https:\\\/\\\/dominobyte.com\\\/suport-it\\\/#breadcrumb\",\"itemListElement\":[{\"@type\":\"ListItem\",\"position\":1,\"name\":\"Prima pagin\u0103\",\"item\":\"https:\\\/\\\/dominobyte.com\\\/\"},{\"@type\":\"ListItem\",\"position\":2,\"name\":\"Suport IT\"}]},{\"@type\":\"WebSite\",\"@id\":\"https:\\\/\\\/dominobyte.com\\\/#website\",\"url\":\"https:\\\/\\\/dominobyte.com\\\/\",\"name\":\"DOMINObyte\",\"description\":\"\u2013 IT Services\",\"publisher\":{\"@id\":\"https:\\\/\\\/dominobyte.com\\\/#organization\"},\"potentialAction\":[{\"@type\":\"SearchAction\",\"target\":{\"@type\":\"EntryPoint\",\"urlTemplate\":\"https:\\\/\\\/dominobyte.com\\\/?s={search_term_string}\"},\"query-input\":{\"@type\":\"PropertyValueSpecification\",\"valueRequired\":true,\"valueName\":\"search_term_string\"}}],\"inLanguage\":\"en-US\"},{\"@type\":\"Organization\",\"@id\":\"https:\\\/\\\/dominobyte.com\\\/#organization\",\"name\":\"Treptio\",\"url\":\"https:\\\/\\\/dominobyte.com\\\/\",\"logo\":{\"@type\":\"ImageObject\",\"inLanguage\":\"en-US\",\"@id\":\"https:\\\/\\\/dominobyte.com\\\/#\\\/schema\\\/logo\\\/image\\\/\",\"url\":\"https:\\\/\\\/dominobyte.com\\\/wp-content\\\/uploads\\\/2021\\\/11\\\/logo-dominobyte.png\",\"contentUrl\":\"https:\\\/\\\/dominobyte.com\\\/wp-content\\\/uploads\\\/2021\\\/11\\\/logo-dominobyte.png\",\"width\":168,\"height\":49,\"caption\":\"Treptio\"},\"image\":{\"@id\":\"https:\\\/\\\/dominobyte.com\\\/#\\\/schema\\\/logo\\\/image\\\/\"},\"sameAs\":[\"https:\\\/\\\/www.facebook.com\\\/dominobyte\",\"https:\\\/\\\/www.linkedin.com\\\/in\\\/dominobyte-it-services-805766215\\\/\"]}]}<\/script>\n<!-- \/ Yoast SEO plugin. -->","yoast_head_json":{"title":"Suport IT - DOMINObyte","description":"DOMINObyte ofer\u0103 utilizatorilor s\u0103i suport IT \u0219i interven\u021bii onsite, adic\u0103 speciali\u0219tii no\u0219tri se deplaseaz\u0103 rapid la sediul companiei voastre","robots":{"index":"index","follow":"follow","max-snippet":"max-snippet:-1","max-image-preview":"max-image-preview:large","max-video-preview":"max-video-preview:-1"},"canonical":"https:\/\/dominobyte.com\/en\/suport-it\/","og_locale":"en_US","og_type":"article","og_title":"Suport IT - DOMINObyte","og_description":"DOMINObyte ofer\u0103 utilizatorilor s\u0103i suport IT \u0219i interven\u021bii onsite, adic\u0103 speciali\u0219tii no\u0219tri se deplaseaz\u0103 rapid la sediul companiei voastre","og_url":"https:\/\/dominobyte.com\/en\/suport-it\/","og_site_name":"DOMINObyte","article_publisher":"https:\/\/www.facebook.com\/dominobyte","article_modified_time":"2022-12-05T15:41:34+00:00","twitter_card":"summary_large_image","twitter_misc":{"Est. reading time":"1 minute"},"schema":{"@context":"https:\/\/schema.org","@graph":[{"@type":"WebPage","@id":"https:\/\/dominobyte.com\/suport-it\/","url":"https:\/\/dominobyte.com\/suport-it\/","name":"Suport IT - DOMINObyte","isPartOf":{"@id":"https:\/\/dominobyte.com\/#website"},"datePublished":"2021-11-22T20:48:44+00:00","dateModified":"2022-12-05T15:41:34+00:00","description":"DOMINObyte ofer\u0103 utilizatorilor s\u0103i suport IT \u0219i interven\u021bii onsite, adic\u0103 speciali\u0219tii no\u0219tri se deplaseaz\u0103 rapid la sediul companiei voastre","breadcrumb":{"@id":"https:\/\/dominobyte.com\/suport-it\/#breadcrumb"},"inLanguage":"en-US","potentialAction":[{"@type":"ReadAction","target":["https:\/\/dominobyte.com\/suport-it\/"]}]},{"@type":"BreadcrumbList","@id":"https:\/\/dominobyte.com\/suport-it\/#breadcrumb","itemListElement":[{"@type":"ListItem","position":1,"name":"Prima pagin\u0103","item":"https:\/\/dominobyte.com\/"},{"@type":"ListItem","position":2,"name":"Suport IT"}]},{"@type":"WebSite","@id":"https:\/\/dominobyte.com\/#website","url":"https:\/\/dominobyte.com\/","name":"DOMINObyte","description":"\u2013 IT Services","publisher":{"@id":"https:\/\/dominobyte.com\/#organization"},"potentialAction":[{"@type":"SearchAction","target":{"@type":"EntryPoint","urlTemplate":"https:\/\/dominobyte.com\/?s={search_term_string}"},"query-input":{"@type":"PropertyValueSpecification","valueRequired":true,"valueName":"search_term_string"}}],"inLanguage":"en-US"},{"@type":"Organization","@id":"https:\/\/dominobyte.com\/#organization","name":"Treptio","url":"https:\/\/dominobyte.com\/","logo":{"@type":"ImageObject","inLanguage":"en-US","@id":"https:\/\/dominobyte.com\/#\/schema\/logo\/image\/","url":"https:\/\/dominobyte.com\/wp-content\/uploads\/2021\/11\/logo-dominobyte.png","contentUrl":"https:\/\/dominobyte.com\/wp-content\/uploads\/2021\/11\/logo-dominobyte.png","width":168,"height":49,"caption":"Treptio"},"image":{"@id":"https:\/\/dominobyte.com\/#\/schema\/logo\/image\/"},"sameAs":["https:\/\/www.facebook.com\/dominobyte","https:\/\/www.linkedin.com\/in\/dominobyte-it-services-805766215\/"]}]}},"_links":{"self":[{"href":"https:\/\/dominobyte.com\/en\/wp-json\/wp\/v2\/pages\/2229","targetHints":{"allow":["GET"]}}],"collection":[{"href":"https:\/\/dominobyte.com\/en\/wp-json\/wp\/v2\/pages"}],"about":[{"href":"https:\/\/dominobyte.com\/en\/wp-json\/wp\/v2\/types\/page"}],"author":[{"embeddable":true,"href":"https:\/\/dominobyte.com\/en\/wp-json\/wp\/v2\/users\/1"}],"replies":[{"embeddable":true,"href":"https:\/\/dominobyte.com\/en\/wp-json\/wp\/v2\/comments?post=2229"}],"version-history":[{"count":3,"href":"https:\/\/dominobyte.com\/en\/wp-json\/wp\/v2\/pages\/2229\/revisions"}],"predecessor-version":[{"id":2616,"href":"https:\/\/dominobyte.com\/en\/wp-json\/wp\/v2\/pages\/2229\/revisions\/2616"}],"wp:attachment":[{"href":"https:\/\/dominobyte.com\/en\/wp-json\/wp\/v2\/media?parent=2229"}],"curies":[{"name":"wp","href":"https:\/\/api.w.org\/{rel}","templated":true}]}}