{"id":2236,"date":"2021-11-22T20:53:22","date_gmt":"2021-11-22T20:53:22","guid":{"rendered":"http:\/\/dominobyte.com\/?page_id=2236"},"modified":"2022-12-05T17:46:30","modified_gmt":"2022-12-05T15:46:30","slug":"servicii-de-securitate-it","status":"publish","type":"page","link":"https:\/\/dominobyte.com\/en\/servicii-de-securitate-it\/","title":{"rendered":"IT Security Services"},"content":{"rendered":"<div data-vc-full-width=\"true\" data-vc-full-width-init=\"false\" class=\"tm-row wpb_row vc_row-fluid vc_custom_1575267324896 tm-responsive-custom-90801681 tm-zindex-0 tm-bgimage-position-center_center\">\n\n\t\t\n\t <div class=\"vc_row container\"> \t\n\t\t\n\n<div class=\"wpb_column tm-column vc_column_container vc_col-sm-12 tm-zindex-0\">\n\t<div class=\"vc_column-inner\">\n\t\t\t\t<div class=\"wpb_wrapper\">\n\t\t\t<div class=\"tm-element-heading-wrapper tm-heading-inner tm-element-align-center tm-seperator-solid tm-heading-style-vertical\"><section class=\"tm-vc_cta3-container\"><div class=\"tm-vc_general tm-vc_cta3 tm-cta3-only tm-vc_cta3-style-classic tm-vc_cta3-shape-rounded tm-vc_cta3-align-center tm-vc_cta3-color-transparent tm-vc_cta3-icon-size-md tm-vc_cta3-actions-no tm-cta3-with-desc\"><div class=\"tm-vc_cta3_content-container\"><div class=\"tm-vc_cta3-content\"><header class=\"tm-vc_cta3-content-header tm-wrap\"><div class=\"tm-vc_cta3-headers tm-wrap-cell\"><h4 class=\"tm-custom-heading\" >IT Security Services<\/h4>\n<h2 class=\"tm-custom-heading\" >Providing high performance IT services<\/h2>\n<\/div><\/header><div class=\"tm-cta3-content-wrapper\"><p>Whatever your security needs are, DOMINObyte provides you with the support to identify the IT services that are right for your business and deploy them in a fast and efficient way. Among the IT security solutions and services we provide to our customers are:<\/p><\/div><\/div><\/div><\/div><\/section><\/div> <!-- .tm-element-heading-wrapper container --> \n<div class=\"tm-row-inner vc_row wpb_row vc_inner vc_row-fluid tm-zindex-0\">\n\t\n<div class=\"wpb_column tm-column-inner vc_column_container vc_col-sm-12 tm-zindex-0\">\n\t<div class=\"vc_column-inner\">\n\t\t \n\t\t<div class=\"wpb_wrapper\">\n\t\t\t<div class=\"themetechmount-boxes themetechmount-boxes-service themetechmount-boxes-view-default themetechmount-boxes-col-three themetechmount-boxes-sortable-no themetechmount-boxes-textalign-center tm-cta3-rev-heading\">\n\t\t<div class=\"themetechmount-boxes-inner themetechmount-boxes-service-inner\">\n\t\t\t\n\t\t\t<div class=\"row multi-columns-row themetechmount-boxes-row-wrapper\">\n\t\t\t\t<div class=\"tm-box-col-wrapper col-lg-4 col-sm-6 col-md-4 col-xs-12\"><article class=\"themetechmount-box themetechmount-box-service themetechmount-box-view-style-one themetechmount-service-box-view-style-one\">\r\n\t<div class=\"themetechmount-post-item\">\t\r\n\t\t<div class=\"themetechmount-post-item-inner\">\r\n\t\t\t<div class=\"tm-featured-wrapper tm-tm_service-featured-wrapper\"><a href=\"https:\/\/dominobyte.com\/en\/service\/instalarea-si-intretinerea-unui-firewall\/\"><img loading=\"lazy\" decoding=\"async\" width=\"654\" height=\"490\" src=\"https:\/\/dominobyte.com\/wp-content\/uploads\/2021\/11\/firewall-service-654x490.jpg\" class=\"attachment-themetechmount-img-blog-top size-themetechmount-img-blog-top wp-post-image\" alt=\"Treptio servicii IT, firewall and security\" data-id=\"2436\" \/><\/a><\/div>\t\t<\/div>\r\n\t\t\r\n\t\t<div class=\"themetechmount-box-bottom-content\">\t\r\n\t\t\t<div class=\"themetechmount-box-title\"><h4><a href=\"https:\/\/dominobyte.com\/en\/service\/instalarea-si-intretinerea-unui-firewall\/\">Firewall, installation and maintenance<\/a><\/h4><\/div>\t\t\t<div class=\"themetechmount-box-desc\">\r\n\t\t\t\t\t\t\t\t<div class=\"tm-short-desc\">\r\n\t\t\t\t\tInstalling a firewall application is an essential requirement to ensure...\t\t\t\t<\/div>\r\n\t\t\t\t\t\t<\/div> \r\n\t\t\t<div class=\"themetechmount-serviceboxbox-readmore\">\r\n\t\t\t\t<a href=\"https:\/\/dominobyte.com\/en\/service\/instalarea-si-intretinerea-unui-firewall\/\">Read More<\/a>\t\t\t<\/div>\r\n\t\t<\/div>\r\n\t<\/div>\r\n<\/article><\/div><div class=\"tm-box-col-wrapper col-lg-4 col-sm-6 col-md-4 col-xs-12\"><article class=\"themetechmount-box themetechmount-box-service themetechmount-box-view-style-one themetechmount-service-box-view-style-one\">\r\n\t<div class=\"themetechmount-post-item\">\t\r\n\t\t<div class=\"themetechmount-post-item-inner\">\r\n\t\t\t<div class=\"tm-featured-wrapper tm-tm_service-featured-wrapper\"><a href=\"https:\/\/dominobyte.com\/en\/service\/instalarea-actualizarea-si-monitorizarea-software-ului-antivirus\/\"><img loading=\"lazy\" decoding=\"async\" width=\"654\" height=\"490\" src=\"https:\/\/dominobyte.com\/wp-content\/uploads\/2021\/11\/actualizare-software-654x490.jpg\" class=\"attachment-themetechmount-img-blog-top size-themetechmount-img-blog-top wp-post-image\" alt=\"actualizare software antivirus si servicii IT la preturi mici\" data-id=\"2438\" \/><\/a><\/div>\t\t<\/div>\r\n\t\t\r\n\t\t<div class=\"themetechmount-box-bottom-content\">\t\r\n\t\t\t<div class=\"themetechmount-box-title\"><h4><a href=\"https:\/\/dominobyte.com\/en\/service\/instalarea-actualizarea-si-monitorizarea-software-ului-antivirus\/\">Antivirus software, installation, update and monitoring<\/a><\/h4><\/div>\t\t\t<div class=\"themetechmount-box-desc\">\r\n\t\t\t\t\t\t\t\t<div class=\"tm-short-desc\">\r\n\t\t\t\t\tCurrently the easiest and most common way to protect your computer and network...\t\t\t\t<\/div>\r\n\t\t\t\t\t\t<\/div> \r\n\t\t\t<div class=\"themetechmount-serviceboxbox-readmore\">\r\n\t\t\t\t<a href=\"https:\/\/dominobyte.com\/en\/service\/instalarea-actualizarea-si-monitorizarea-software-ului-antivirus\/\">Read More<\/a>\t\t\t<\/div>\r\n\t\t<\/div>\r\n\t<\/div>\r\n<\/article><\/div><div class=\"tm-box-col-wrapper col-lg-4 col-sm-6 col-md-4 col-xs-12\"><article class=\"themetechmount-box themetechmount-box-service themetechmount-box-view-style-one themetechmount-service-box-view-style-one\">\r\n\t<div class=\"themetechmount-post-item\">\t\r\n\t\t<div class=\"themetechmount-post-item-inner\">\r\n\t\t\t<div class=\"tm-featured-wrapper tm-tm_service-featured-wrapper\"><a href=\"https:\/\/dominobyte.com\/en\/service\/configurarea-si-gestionarea-accesului\/\"><img loading=\"lazy\" decoding=\"async\" width=\"654\" height=\"490\" src=\"https:\/\/dominobyte.com\/wp-content\/uploads\/2021\/11\/gestionarea-contului-654x490.jpg\" class=\"attachment-themetechmount-img-blog-top size-themetechmount-img-blog-top wp-post-image\" alt=\"gestionare acces \u0219i servicii IT Bucuresti\" data-id=\"2285\" \/><\/a><\/div>\t\t<\/div>\r\n\t\t\r\n\t\t<div class=\"themetechmount-box-bottom-content\">\t\r\n\t\t\t<div class=\"themetechmount-box-title\"><h4><a href=\"https:\/\/dominobyte.com\/en\/service\/configurarea-si-gestionarea-accesului\/\">Access setup and management<\/a><\/h4><\/div>\t\t\t<div class=\"themetechmount-box-desc\">\r\n\t\t\t\t\t\t\t\t<div class=\"tm-short-desc\">\r\n\t\t\t\t\tIn addition to external threats, a network can also be attacked from within by various...\t\t\t\t<\/div>\r\n\t\t\t\t\t\t<\/div> \r\n\t\t\t<div class=\"themetechmount-serviceboxbox-readmore\">\r\n\t\t\t\t<a href=\"https:\/\/dominobyte.com\/en\/service\/configurarea-si-gestionarea-accesului\/\">Read More<\/a>\t\t\t<\/div>\r\n\t\t<\/div>\r\n\t<\/div>\r\n<\/article><\/div><div class=\"tm-box-col-wrapper col-lg-4 col-sm-6 col-md-4 col-xs-12\"><article class=\"themetechmount-box themetechmount-box-service themetechmount-box-view-style-one themetechmount-service-box-view-style-one\">\r\n\t<div class=\"themetechmount-post-item\">\t\r\n\t\t<div class=\"themetechmount-post-item-inner\">\r\n\t\t\t<div class=\"tm-featured-wrapper tm-tm_service-featured-wrapper\"><a href=\"https:\/\/dominobyte.com\/en\/service\/alegerea-unei-solutii-de-back-up-si-cloud\/\"><img loading=\"lazy\" decoding=\"async\" width=\"654\" height=\"490\" src=\"https:\/\/dominobyte.com\/wp-content\/uploads\/2021\/11\/cloud-virtualization-image-654x490.jpg\" class=\"attachment-themetechmount-img-blog-top size-themetechmount-img-blog-top wp-post-image\" alt=\"back-up \u0219i cloud, externalizare servicii IT\" data-id=\"2521\" \/><\/a><\/div>\t\t<\/div>\r\n\t\t\r\n\t\t<div class=\"themetechmount-box-bottom-content\">\t\r\n\t\t\t<div class=\"themetechmount-box-title\"><h4><a href=\"https:\/\/dominobyte.com\/en\/service\/alegerea-unei-solutii-de-back-up-si-cloud\/\">Choosing a backup and cloud solution<\/a><\/h4><\/div>\t\t\t<div class=\"themetechmount-box-desc\">\r\n\t\t\t\t\t\t\t\t<div class=\"tm-short-desc\">\r\n\t\t\t\t\tDOMINObyte provides its users with back-up solutions that require the carrying out of...\t\t\t\t<\/div>\r\n\t\t\t\t\t\t<\/div> \r\n\t\t\t<div class=\"themetechmount-serviceboxbox-readmore\">\r\n\t\t\t\t<a href=\"https:\/\/dominobyte.com\/en\/service\/alegerea-unei-solutii-de-back-up-si-cloud\/\">Read More<\/a>\t\t\t<\/div>\r\n\t\t<\/div>\r\n\t<\/div>\r\n<\/article><\/div><div class=\"tm-box-col-wrapper col-lg-4 col-sm-6 col-md-4 col-xs-12\"><article class=\"themetechmount-box themetechmount-box-service themetechmount-box-view-style-one themetechmount-service-box-view-style-one\">\r\n\t<div class=\"themetechmount-post-item\">\t\r\n\t\t<div class=\"themetechmount-post-item-inner\">\r\n\t\t\t<div class=\"tm-featured-wrapper tm-tm_service-featured-wrapper\"><a href=\"https:\/\/dominobyte.com\/en\/service\/testarea-preventiva-a-solutiei\/\"><img loading=\"lazy\" decoding=\"async\" width=\"654\" height=\"490\" src=\"https:\/\/dominobyte.com\/wp-content\/uploads\/2021\/11\/backupv2-654x490.jpg\" class=\"attachment-themetechmount-img-blog-top size-themetechmount-img-blog-top wp-post-image\" alt=\"Treptio IT services, servicii software, suport IT si servicii IT single point, testare preventiv\u0103 \u0219i monitorizare, VPN, consultan\u021b\u0103 IT, audit IT, data center, vulnerability remediation\" data-id=\"2159\" \/><\/a><\/div>\t\t<\/div>\r\n\t\t\r\n\t\t<div class=\"themetechmount-box-bottom-content\">\t\r\n\t\t\t<div class=\"themetechmount-box-title\"><h4><a href=\"https:\/\/dominobyte.com\/en\/service\/testarea-preventiva-a-solutiei\/\">Preventive testing of the solution<\/a><\/h4><\/div>\t\t\t<div class=\"themetechmount-box-desc\">\r\n\t\t\t\t\t\t\t\t<div class=\"tm-short-desc\">\r\n\t\t\t\t\tAs part of its range of IT security services, DOMINObyte is pre-emptively testing its solutions...\t\t\t\t<\/div>\r\n\t\t\t\t\t\t<\/div> \r\n\t\t\t<div class=\"themetechmount-serviceboxbox-readmore\">\r\n\t\t\t\t<a href=\"https:\/\/dominobyte.com\/en\/service\/testarea-preventiva-a-solutiei\/\">Read More<\/a>\t\t\t<\/div>\r\n\t\t<\/div>\r\n\t<\/div>\r\n<\/article><\/div><div class=\"tm-box-col-wrapper col-lg-4 col-sm-6 col-md-4 col-xs-12\"><article class=\"themetechmount-box themetechmount-box-service themetechmount-box-view-style-one themetechmount-service-box-view-style-one\">\r\n\t<div class=\"themetechmount-post-item\">\t\r\n\t\t<div class=\"themetechmount-post-item-inner\">\r\n\t\t\t<div class=\"tm-featured-wrapper tm-tm_service-featured-wrapper\"><a href=\"https:\/\/dominobyte.com\/en\/service\/solutii-de-securizare-a-datelor-de-pe-statiile-de-lucru\/\"><img loading=\"lazy\" decoding=\"async\" width=\"654\" height=\"490\" src=\"https:\/\/dominobyte.com\/wp-content\/uploads\/2021\/11\/backupv2-654x490.jpg\" class=\"attachment-themetechmount-img-blog-top size-themetechmount-img-blog-top wp-post-image\" alt=\"Treptio IT services, servicii software, suport IT si servicii IT single point, testare preventiv\u0103 \u0219i monitorizare, VPN, consultan\u021b\u0103 IT, audit IT, data center, vulnerability remediation\" data-id=\"2159\" \/><\/a><\/div>\t\t<\/div>\r\n\t\t\r\n\t\t<div class=\"themetechmount-box-bottom-content\">\t\r\n\t\t\t<div class=\"themetechmount-box-title\"><h4><a href=\"https:\/\/dominobyte.com\/en\/service\/solutii-de-securizare-a-datelor-de-pe-statiile-de-lucru\/\">Workstation data security solutions<\/a><\/h4><\/div>\t\t\t<div class=\"themetechmount-box-desc\">\r\n\t\t\t\t\t\t\t\t<div class=\"tm-short-desc\">\r\n\t\t\t\t\tIn addition to backing up, installing a firewall and antivirus software, we offer...\t\t\t\t<\/div>\r\n\t\t\t\t\t\t<\/div> \r\n\t\t\t<div class=\"themetechmount-serviceboxbox-readmore\">\r\n\t\t\t\t<a href=\"https:\/\/dominobyte.com\/en\/service\/solutii-de-securizare-a-datelor-de-pe-statiile-de-lucru\/\">Read More<\/a>\t\t\t<\/div>\r\n\t\t<\/div>\r\n\t<\/div>\r\n<\/article><\/div><div class=\"tm-box-col-wrapper col-lg-4 col-sm-6 col-md-4 col-xs-12\"><article class=\"themetechmount-box themetechmount-box-service themetechmount-box-view-style-one themetechmount-service-box-view-style-one\">\r\n\t<div class=\"themetechmount-post-item\">\t\r\n\t\t<div class=\"themetechmount-post-item-inner\">\r\n\t\t\t<div class=\"tm-featured-wrapper tm-tm_service-featured-wrapper\"><a href=\"https:\/\/dominobyte.com\/en\/service\/sisteme-avansate-de-monitorizare\/\"><img loading=\"lazy\" decoding=\"async\" width=\"654\" height=\"490\" src=\"https:\/\/dominobyte.com\/wp-content\/uploads\/2021\/11\/backupv2-654x490.jpg\" class=\"attachment-themetechmount-img-blog-top size-themetechmount-img-blog-top wp-post-image\" alt=\"Treptio IT services, servicii software, suport IT si servicii IT single point, testare preventiv\u0103 \u0219i monitorizare, VPN, consultan\u021b\u0103 IT, audit IT, data center, vulnerability remediation\" data-id=\"2159\" \/><\/a><\/div>\t\t<\/div>\r\n\t\t\r\n\t\t<div class=\"themetechmount-box-bottom-content\">\t\r\n\t\t\t<div class=\"themetechmount-box-title\"><h4><a href=\"https:\/\/dominobyte.com\/en\/service\/sisteme-avansate-de-monitorizare\/\">Advanced monitoring systems<\/a><\/h4><\/div>\t\t\t<div class=\"themetechmount-box-desc\">\r\n\t\t\t\t\t\t\t\t<div class=\"tm-short-desc\">\r\n\t\t\t\t\tMonitoring can be a real help in detecting situations of attacks on...\t\t\t\t<\/div>\r\n\t\t\t\t\t\t<\/div> \r\n\t\t\t<div class=\"themetechmount-serviceboxbox-readmore\">\r\n\t\t\t\t<a href=\"https:\/\/dominobyte.com\/en\/service\/sisteme-avansate-de-monitorizare\/\">Read More<\/a>\t\t\t<\/div>\r\n\t\t<\/div>\r\n\t<\/div>\r\n<\/article><\/div><div class=\"tm-box-col-wrapper col-lg-4 col-sm-6 col-md-4 col-xs-12\"><article class=\"themetechmount-box themetechmount-box-service themetechmount-box-view-style-one themetechmount-service-box-view-style-one\">\r\n\t<div class=\"themetechmount-post-item\">\t\r\n\t\t<div class=\"themetechmount-post-item-inner\">\r\n\t\t\t<div class=\"tm-featured-wrapper tm-tm_service-featured-wrapper\"><a href=\"https:\/\/dominobyte.com\/en\/service\/identificarea-proactiva-a-riscurilor\/\"><img loading=\"lazy\" decoding=\"async\" width=\"654\" height=\"490\" src=\"https:\/\/dominobyte.com\/wp-content\/uploads\/2021\/11\/backupv2-654x490.jpg\" class=\"attachment-themetechmount-img-blog-top size-themetechmount-img-blog-top wp-post-image\" alt=\"Treptio IT services, servicii software, suport IT si servicii IT single point, testare preventiv\u0103 \u0219i monitorizare, VPN, consultan\u021b\u0103 IT, audit IT, data center, vulnerability remediation\" data-id=\"2159\" \/><\/a><\/div>\t\t<\/div>\r\n\t\t\r\n\t\t<div class=\"themetechmount-box-bottom-content\">\t\r\n\t\t\t<div class=\"themetechmount-box-title\"><h4><a href=\"https:\/\/dominobyte.com\/en\/service\/identificarea-proactiva-a-riscurilor\/\">Proactive risk identification<\/a><\/h4><\/div>\t\t\t<div class=\"themetechmount-box-desc\">\r\n\t\t\t\t\t\t\t\t<div class=\"tm-short-desc\">\r\n\t\t\t\t\tPoor risk management can lead to poor performance or even...\t\t\t\t<\/div>\r\n\t\t\t\t\t\t<\/div> \r\n\t\t\t<div class=\"themetechmount-serviceboxbox-readmore\">\r\n\t\t\t\t<a href=\"https:\/\/dominobyte.com\/en\/service\/identificarea-proactiva-a-riscurilor\/\">Read More<\/a>\t\t\t<\/div>\r\n\t\t<\/div>\r\n\t<\/div>\r\n<\/article><\/div><div class=\"tm-box-col-wrapper col-lg-4 col-sm-6 col-md-4 col-xs-12\"><article class=\"themetechmount-box themetechmount-box-service themetechmount-box-view-style-one themetechmount-service-box-view-style-one\">\r\n\t<div class=\"themetechmount-post-item\">\t\r\n\t\t<div class=\"themetechmount-post-item-inner\">\r\n\t\t\t<div class=\"tm-featured-wrapper tm-tm_service-featured-wrapper\"><a href=\"https:\/\/dominobyte.com\/en\/service\/securitatea-datelor-politica-de-acces-si-vpn\/\"><img loading=\"lazy\" decoding=\"async\" width=\"654\" height=\"490\" src=\"https:\/\/dominobyte.com\/wp-content\/uploads\/2021\/11\/backupv2-654x490.jpg\" class=\"attachment-themetechmount-img-blog-top size-themetechmount-img-blog-top wp-post-image\" alt=\"Treptio IT services, servicii software, suport IT si servicii IT single point, testare preventiv\u0103 \u0219i monitorizare, VPN, consultan\u021b\u0103 IT, audit IT, data center, vulnerability remediation\" data-id=\"2159\" \/><\/a><\/div>\t\t<\/div>\r\n\t\t\r\n\t\t<div class=\"themetechmount-box-bottom-content\">\t\r\n\t\t\t<div class=\"themetechmount-box-title\"><h4><a href=\"https:\/\/dominobyte.com\/en\/service\/securitatea-datelor-politica-de-acces-si-vpn\/\">VPN, data security and access policy<\/a><\/h4><\/div>\t\t\t<div class=\"themetechmount-box-desc\">\r\n\t\t\t\t\t\t\t\t<div class=\"tm-short-desc\">\r\n\t\t\t\t\tNew technologies, cloud services or social media can have a strong negative impact...\t\t\t\t<\/div>\r\n\t\t\t\t\t\t<\/div> \r\n\t\t\t<div class=\"themetechmount-serviceboxbox-readmore\">\r\n\t\t\t\t<a href=\"https:\/\/dominobyte.com\/en\/service\/securitatea-datelor-politica-de-acces-si-vpn\/\">Read More<\/a>\t\t\t<\/div>\r\n\t\t<\/div>\r\n\t<\/div>\r\n<\/article><\/div>\n\t\t\t<\/div>\n\t\t<\/div><!-- .themetechmount-boxes-inner -->   <\/div><!-- .themetechmount-boxes -->  \t\t<\/div>\n\t<\/div>\n<\/div>\n\n<\/div>\n\n\t\t<\/div>\n\t<\/div>\n<\/div>\n\n\n\n\t\t\n\t <\/div> <\/div>\n\n\n<div class=\"vc_row-full-width vc_clearfix\"><\/div>","protected":false},"excerpt":{"rendered":"Securitatea datelor, politica de acces \u0219i VPN Virtual Private Network (VPN) folose\u0219te criptografia pentru a segmenta datele care, \u00een momentul \u00een care circul\u0103 pe internet, s\u0103 fie indescifrabile. Noile tehnologii, serviciile de cloud sau social media pot avea un puternic impact negativ \u00een protec\u021bia datelor companiilor, prin urmare este necesar\u0103 o strategie de securitate a &hellip; <a href=\"https:\/\/dominobyte.com\/en\/service\/securitatea-datelor-politica-de-acces-si-vpn\/\" class=\"more-link\">Continue reading <span class=\"screen-reader-text\">VPN, data security and access policy<\/span><\/a>","protected":false},"author":1,"featured_media":0,"parent":0,"menu_order":8,"comment_status":"closed","ping_status":"closed","template":"","meta":{"_joinchat":[],"footnotes":""},"class_list":["post-2236","page","type-page","status-publish","hentry"],"yoast_head":"<!-- This site is optimized with the Yoast SEO plugin v27.3 - https:\/\/yoast.com\/product\/yoast-seo-wordpress\/ -->\n<title>Servicii de Securitate IT - DOMINObyte<\/title>\n<meta name=\"description\" content=\"Indiferent de nevoile de securitate IT pe care le ave\u021bi, DOMINObyte v\u0103 ofer\u0103 suportul necesar, pentru a identifica serviciile IT potrivite\" \/>\n<meta name=\"robots\" content=\"index, follow, max-snippet:-1, max-image-preview:large, max-video-preview:-1\" \/>\n<link rel=\"canonical\" href=\"https:\/\/dominobyte.com\/en\/servicii-de-securitate-it\/\" \/>\n<meta property=\"og:locale\" content=\"en_US\" \/>\n<meta property=\"og:type\" content=\"article\" \/>\n<meta property=\"og:title\" content=\"Servicii de Securitate IT - DOMINObyte\" \/>\n<meta property=\"og:description\" content=\"Indiferent de nevoile de securitate IT pe care le ave\u021bi, DOMINObyte v\u0103 ofer\u0103 suportul necesar, pentru a identifica serviciile IT potrivite\" \/>\n<meta property=\"og:url\" content=\"https:\/\/dominobyte.com\/en\/servicii-de-securitate-it\/\" \/>\n<meta property=\"og:site_name\" content=\"DOMINObyte\" \/>\n<meta property=\"article:publisher\" content=\"https:\/\/www.facebook.com\/dominobyte\" \/>\n<meta property=\"article:modified_time\" content=\"2022-12-05T15:46:30+00:00\" \/>\n<meta name=\"twitter:card\" content=\"summary_large_image\" \/>\n<meta name=\"twitter:label1\" content=\"Est. reading time\" \/>\n\t<meta name=\"twitter:data1\" content=\"1 minute\" \/>\n<script type=\"application\/ld+json\" class=\"yoast-schema-graph\">{\"@context\":\"https:\\\/\\\/schema.org\",\"@graph\":[{\"@type\":\"WebPage\",\"@id\":\"https:\\\/\\\/dominobyte.com\\\/servicii-de-securitate-it\\\/\",\"url\":\"https:\\\/\\\/dominobyte.com\\\/servicii-de-securitate-it\\\/\",\"name\":\"Servicii de Securitate IT - DOMINObyte\",\"isPartOf\":{\"@id\":\"https:\\\/\\\/dominobyte.com\\\/#website\"},\"datePublished\":\"2021-11-22T20:53:22+00:00\",\"dateModified\":\"2022-12-05T15:46:30+00:00\",\"description\":\"Indiferent de nevoile de securitate IT pe care le ave\u021bi, DOMINObyte v\u0103 ofer\u0103 suportul necesar, pentru a identifica serviciile IT potrivite\",\"breadcrumb\":{\"@id\":\"https:\\\/\\\/dominobyte.com\\\/servicii-de-securitate-it\\\/#breadcrumb\"},\"inLanguage\":\"en-US\",\"potentialAction\":[{\"@type\":\"ReadAction\",\"target\":[\"https:\\\/\\\/dominobyte.com\\\/servicii-de-securitate-it\\\/\"]}]},{\"@type\":\"BreadcrumbList\",\"@id\":\"https:\\\/\\\/dominobyte.com\\\/servicii-de-securitate-it\\\/#breadcrumb\",\"itemListElement\":[{\"@type\":\"ListItem\",\"position\":1,\"name\":\"Prima pagin\u0103\",\"item\":\"https:\\\/\\\/dominobyte.com\\\/\"},{\"@type\":\"ListItem\",\"position\":2,\"name\":\"Servicii de Securitate IT\"}]},{\"@type\":\"WebSite\",\"@id\":\"https:\\\/\\\/dominobyte.com\\\/#website\",\"url\":\"https:\\\/\\\/dominobyte.com\\\/\",\"name\":\"DOMINObyte\",\"description\":\"\u2013 IT Services\",\"publisher\":{\"@id\":\"https:\\\/\\\/dominobyte.com\\\/#organization\"},\"potentialAction\":[{\"@type\":\"SearchAction\",\"target\":{\"@type\":\"EntryPoint\",\"urlTemplate\":\"https:\\\/\\\/dominobyte.com\\\/?s={search_term_string}\"},\"query-input\":{\"@type\":\"PropertyValueSpecification\",\"valueRequired\":true,\"valueName\":\"search_term_string\"}}],\"inLanguage\":\"en-US\"},{\"@type\":\"Organization\",\"@id\":\"https:\\\/\\\/dominobyte.com\\\/#organization\",\"name\":\"Treptio\",\"url\":\"https:\\\/\\\/dominobyte.com\\\/\",\"logo\":{\"@type\":\"ImageObject\",\"inLanguage\":\"en-US\",\"@id\":\"https:\\\/\\\/dominobyte.com\\\/#\\\/schema\\\/logo\\\/image\\\/\",\"url\":\"https:\\\/\\\/dominobyte.com\\\/wp-content\\\/uploads\\\/2021\\\/11\\\/logo-dominobyte.png\",\"contentUrl\":\"https:\\\/\\\/dominobyte.com\\\/wp-content\\\/uploads\\\/2021\\\/11\\\/logo-dominobyte.png\",\"width\":168,\"height\":49,\"caption\":\"Treptio\"},\"image\":{\"@id\":\"https:\\\/\\\/dominobyte.com\\\/#\\\/schema\\\/logo\\\/image\\\/\"},\"sameAs\":[\"https:\\\/\\\/www.facebook.com\\\/dominobyte\",\"https:\\\/\\\/www.linkedin.com\\\/in\\\/dominobyte-it-services-805766215\\\/\"]}]}<\/script>\n<!-- \/ Yoast SEO plugin. -->","yoast_head_json":{"title":"Servicii de Securitate IT - DOMINObyte","description":"Indiferent de nevoile de securitate IT pe care le ave\u021bi, DOMINObyte v\u0103 ofer\u0103 suportul necesar, pentru a identifica serviciile IT potrivite","robots":{"index":"index","follow":"follow","max-snippet":"max-snippet:-1","max-image-preview":"max-image-preview:large","max-video-preview":"max-video-preview:-1"},"canonical":"https:\/\/dominobyte.com\/en\/servicii-de-securitate-it\/","og_locale":"en_US","og_type":"article","og_title":"Servicii de Securitate IT - DOMINObyte","og_description":"Indiferent de nevoile de securitate IT pe care le ave\u021bi, DOMINObyte v\u0103 ofer\u0103 suportul necesar, pentru a identifica serviciile IT potrivite","og_url":"https:\/\/dominobyte.com\/en\/servicii-de-securitate-it\/","og_site_name":"DOMINObyte","article_publisher":"https:\/\/www.facebook.com\/dominobyte","article_modified_time":"2022-12-05T15:46:30+00:00","twitter_card":"summary_large_image","twitter_misc":{"Est. reading time":"1 minute"},"schema":{"@context":"https:\/\/schema.org","@graph":[{"@type":"WebPage","@id":"https:\/\/dominobyte.com\/servicii-de-securitate-it\/","url":"https:\/\/dominobyte.com\/servicii-de-securitate-it\/","name":"Servicii de Securitate IT - DOMINObyte","isPartOf":{"@id":"https:\/\/dominobyte.com\/#website"},"datePublished":"2021-11-22T20:53:22+00:00","dateModified":"2022-12-05T15:46:30+00:00","description":"Indiferent de nevoile de securitate IT pe care le ave\u021bi, DOMINObyte v\u0103 ofer\u0103 suportul necesar, pentru a identifica serviciile IT potrivite","breadcrumb":{"@id":"https:\/\/dominobyte.com\/servicii-de-securitate-it\/#breadcrumb"},"inLanguage":"en-US","potentialAction":[{"@type":"ReadAction","target":["https:\/\/dominobyte.com\/servicii-de-securitate-it\/"]}]},{"@type":"BreadcrumbList","@id":"https:\/\/dominobyte.com\/servicii-de-securitate-it\/#breadcrumb","itemListElement":[{"@type":"ListItem","position":1,"name":"Prima pagin\u0103","item":"https:\/\/dominobyte.com\/"},{"@type":"ListItem","position":2,"name":"Servicii de Securitate IT"}]},{"@type":"WebSite","@id":"https:\/\/dominobyte.com\/#website","url":"https:\/\/dominobyte.com\/","name":"DOMINObyte","description":"\u2013 IT Services","publisher":{"@id":"https:\/\/dominobyte.com\/#organization"},"potentialAction":[{"@type":"SearchAction","target":{"@type":"EntryPoint","urlTemplate":"https:\/\/dominobyte.com\/?s={search_term_string}"},"query-input":{"@type":"PropertyValueSpecification","valueRequired":true,"valueName":"search_term_string"}}],"inLanguage":"en-US"},{"@type":"Organization","@id":"https:\/\/dominobyte.com\/#organization","name":"Treptio","url":"https:\/\/dominobyte.com\/","logo":{"@type":"ImageObject","inLanguage":"en-US","@id":"https:\/\/dominobyte.com\/#\/schema\/logo\/image\/","url":"https:\/\/dominobyte.com\/wp-content\/uploads\/2021\/11\/logo-dominobyte.png","contentUrl":"https:\/\/dominobyte.com\/wp-content\/uploads\/2021\/11\/logo-dominobyte.png","width":168,"height":49,"caption":"Treptio"},"image":{"@id":"https:\/\/dominobyte.com\/#\/schema\/logo\/image\/"},"sameAs":["https:\/\/www.facebook.com\/dominobyte","https:\/\/www.linkedin.com\/in\/dominobyte-it-services-805766215\/"]}]}},"_links":{"self":[{"href":"https:\/\/dominobyte.com\/en\/wp-json\/wp\/v2\/pages\/2236","targetHints":{"allow":["GET"]}}],"collection":[{"href":"https:\/\/dominobyte.com\/en\/wp-json\/wp\/v2\/pages"}],"about":[{"href":"https:\/\/dominobyte.com\/en\/wp-json\/wp\/v2\/types\/page"}],"author":[{"embeddable":true,"href":"https:\/\/dominobyte.com\/en\/wp-json\/wp\/v2\/users\/1"}],"replies":[{"embeddable":true,"href":"https:\/\/dominobyte.com\/en\/wp-json\/wp\/v2\/comments?post=2236"}],"version-history":[{"count":4,"href":"https:\/\/dominobyte.com\/en\/wp-json\/wp\/v2\/pages\/2236\/revisions"}],"predecessor-version":[{"id":2653,"href":"https:\/\/dominobyte.com\/en\/wp-json\/wp\/v2\/pages\/2236\/revisions\/2653"}],"wp:attachment":[{"href":"https:\/\/dominobyte.com\/en\/wp-json\/wp\/v2\/media?parent=2236"}],"curies":[{"name":"wp","href":"https:\/\/api.w.org\/{rel}","templated":true}]}}